{"id":1718,"date":"2024-08-29T11:23:46","date_gmt":"2024-08-29T09:23:46","guid":{"rendered":"https:\/\/zeitraum10.andreherdling.de\/anreise\/"},"modified":"2024-11-06T12:14:50","modified_gmt":"2024-11-06T11:14:50","slug":"anreise","status":"publish","type":"page","link":"https:\/\/zeitraum10.de\/en\/anreise\/","title":{"rendered":"Arrival"},"content":{"rendered":"\n<p><strong>By car<\/strong><\/p>\n\n\n\n<p>You are welcome to reserve a parking space in our closed inner courtyard (\u20ac7.50\/night).<\/p>\n\n\n\n<p>It is not possible to park directly on Wurzner Stra\u00dfe.<\/p>\n\n\n\n<p>Free parking is possible in Lilienstra\u00dfe opposite our house, in Bernhardstra\u00dfe or in Wiebelstra\u00dfe around the corner.<\/p>\n\n\n\n<p><strong>By tram from the main station<\/strong><\/p>\n\n\n\n<p>&#8211; Take tram line 4, direction St\u00f6tteritz, 4 stops, get off at \u201cKoehler Stra\u00dfe\u201d. Walk in the direction of travel. The 2nd street on the left is Wurzner Stra\u00dfe. The ZeitRaum10 apartments are 100m further on the right-hand side.<\/p>\n\n\n\n<p>&#8211; Take tram line 7, direction Sommerfeld, 5 stops, get off at \u201cWiebelstra\u00dfe\u201d. You are now in Wurzner Stra\u00dfe. Walk against the direction of travel. The ZeitRaum10 apartments are 100m further on the left-hand side.<\/p>\n\n\n\n<p><strong>By tram from the airport<\/strong><\/p>\n\n\n\n<p>Take the tram or a train to the main station, 2 stops. Then continue as described above.<\/p>\n\n\n\n<figure class=\"wp-block-image size-large\"><img loading=\"lazy\" decoding=\"async\" width=\"1024\" height=\"683\" src=\"https:\/\/zeitraum10.de\/wp-content\/uploads\/2024\/10\/Eingangsbereich-1024x683.jpg\" alt=\"\" class=\"wp-image-2128\" srcset=\"https:\/\/zeitraum10.de\/wp-content\/uploads\/2024\/10\/Eingangsbereich-1024x683.jpg 1024w, https:\/\/zeitraum10.de\/wp-content\/uploads\/2024\/10\/Eingangsbereich-640x427.jpg 640w, https:\/\/zeitraum10.de\/wp-content\/uploads\/2024\/10\/Eingangsbereich-768x512.jpg 768w, https:\/\/zeitraum10.de\/wp-content\/uploads\/2024\/10\/Eingangsbereich.jpg 1440w\" sizes=\"auto, (max-width: 1024px) 100vw, 1024px\" \/><\/figure>\n","protected":false},"excerpt":{"rendered":"<p>By car You are welcome to reserve a parking space &hellip; <\/p>\n","protected":false},"author":1,"featured_media":2134,"parent":0,"menu_order":0,"comment_status":"closed","ping_status":"closed","template":"","meta":{"footnotes":""},"class_list":["post-1718","page","type-page","status-publish","has-post-thumbnail","hentry","latest_post"],"aioseo_notices":[],"wps_subtitle":"","_links":{"self":[{"href":"https:\/\/zeitraum10.de\/en\/wp-json\/wp\/v2\/pages\/1718","targetHints":{"allow":["GET"]}}],"collection":[{"href":"https:\/\/zeitraum10.de\/en\/wp-json\/wp\/v2\/pages"}],"about":[{"href":"https:\/\/zeitraum10.de\/en\/wp-json\/wp\/v2\/types\/page"}],"author":[{"embeddable":true,"href":"https:\/\/zeitraum10.de\/en\/wp-json\/wp\/v2\/users\/1"}],"replies":[{"embeddable":true,"href":"https:\/\/zeitraum10.de\/en\/wp-json\/wp\/v2\/comments?post=1718"}],"version-history":[{"count":7,"href":"https:\/\/zeitraum10.de\/en\/wp-json\/wp\/v2\/pages\/1718\/revisions"}],"predecessor-version":[{"id":2695,"href":"https:\/\/zeitraum10.de\/en\/wp-json\/wp\/v2\/pages\/1718\/revisions\/2695"}],"wp:featuredmedia":[{"embeddable":true,"href":"https:\/\/zeitraum10.de\/en\/wp-json\/wp\/v2\/media\/2134"}],"wp:attachment":[{"href":"https:\/\/zeitraum10.de\/en\/wp-json\/wp\/v2\/media?parent=1718"}],"curies":[{"name":"wp","href":"https:\/\/api.w.org\/{rel}","templated":true}]}}