{"id":1719,"date":"2024-08-29T11:23:46","date_gmt":"2024-08-29T09:23:46","guid":{"rendered":"https:\/\/zeitraum10.andreherdling.de\/anreise\/"},"modified":"2024-11-06T12:21:52","modified_gmt":"2024-11-06T11:21:52","slug":"anreise","status":"publish","type":"page","link":"https:\/\/zeitraum10.de\/fr\/anreise\/","title":{"rendered":"Arriv\u00e9e"},"content":{"rendered":"\n<h2 class=\"wp-block-heading\"><strong>En voiture<\/strong><\/h2>\n\n\n\n<ul class=\"wp-block-list\">\n<li>N&rsquo;h\u00e9sitez pas \u00e0 r\u00e9server une place de parking dans notre cour int\u00e9rieure ferm\u00e9e (7,50\u20ac\/nuit).<\/li>\n\n\n\n<li>Il n&rsquo;est pas possible de se garer directement dans la Wurzner Stra\u00dfe.<\/li>\n\n\n\n<li>Il est possible de se garer gratuitement dans la Lilienstra\u00dfe en face, dans la Bernhardstra\u00dfe ou dans la Wiebelstra\u00dfe au coin de la rue.<\/li>\n<\/ul>\n\n\n\n<h2 class=\"wp-block-heading\"><strong>En tramway depuis la gare centrale<\/strong><\/h2>\n\n\n\n<ul class=\"wp-block-list\">\n<li>Prendre le tramway&nbsp;<strong>ligne 4,<\/strong>&nbsp;direction St\u00f6tteritz, 4 arr\u00eats, descendre \u00e0 l&rsquo;arr\u00eat \u00ab Koehler Stra\u00dfe \u00bb. Marcher dans le sens de la marche. La deuxi\u00e8me rue \u00e0 gauche est la Wurzner Stra\u00dfe. Les appartements ZeitRaum10 se trouvent \u00e0 100 m sur la droite.<\/li>\n\n\n\n<li>Prenez le tramway&nbsp;<strong>ligne 7<\/strong>, direction Sommerfeld, 5 arr\u00eats, descendez \u00e0 l&rsquo;arr\u00eat \u00ab Wiebelstra\u00dfe \u00bb. Vous vous trouvez dans la Wurzner Stra\u00dfe. Marchez dans le sens inverse de la marche. Les appartements ZeitRaum10 se trouvent 100 m plus loin sur la gauche.<\/li>\n<\/ul>\n\n\n\n<h2 class=\"wp-block-heading\"><strong>En tramway depuis l&rsquo;a\u00e9roport<\/strong><\/h2>\n\n\n\n<ul class=\"wp-block-list\">\n<li>Prenez le tramway ou un train jusqu&rsquo;\u00e0 la gare centrale, 2 arr\u00eats. Puis continuer comme indiqu\u00e9 ci-dessus.<\/li>\n<\/ul>\n\n\n\n<p><\/p>\n\n\n\n<figure class=\"wp-block-image size-large\"><img loading=\"lazy\" decoding=\"async\" width=\"1024\" height=\"683\" src=\"https:\/\/zeitraum10.de\/wp-content\/uploads\/2024\/10\/Eingangsbereich-1024x683.jpg\" alt=\"\" class=\"wp-image-2128\" srcset=\"https:\/\/zeitraum10.de\/wp-content\/uploads\/2024\/10\/Eingangsbereich-1024x683.jpg 1024w, https:\/\/zeitraum10.de\/wp-content\/uploads\/2024\/10\/Eingangsbereich-640x427.jpg 640w, https:\/\/zeitraum10.de\/wp-content\/uploads\/2024\/10\/Eingangsbereich-768x512.jpg 768w, https:\/\/zeitraum10.de\/wp-content\/uploads\/2024\/10\/Eingangsbereich.jpg 1440w\" sizes=\"auto, (max-width: 1024px) 100vw, 1024px\" \/><\/figure>\n","protected":false},"excerpt":{"rendered":"<p>En voiture En tramway depuis la gare centrale En tramway &hellip; <\/p>\n","protected":false},"author":1,"featured_media":2135,"parent":0,"menu_order":0,"comment_status":"closed","ping_status":"closed","template":"","meta":{"footnotes":""},"class_list":["post-1719","page","type-page","status-publish","has-post-thumbnail","hentry","latest_post"],"aioseo_notices":[],"wps_subtitle":"","_links":{"self":[{"href":"https:\/\/zeitraum10.de\/fr\/wp-json\/wp\/v2\/pages\/1719","targetHints":{"allow":["GET"]}}],"collection":[{"href":"https:\/\/zeitraum10.de\/fr\/wp-json\/wp\/v2\/pages"}],"about":[{"href":"https:\/\/zeitraum10.de\/fr\/wp-json\/wp\/v2\/types\/page"}],"author":[{"embeddable":true,"href":"https:\/\/zeitraum10.de\/fr\/wp-json\/wp\/v2\/users\/1"}],"replies":[{"embeddable":true,"href":"https:\/\/zeitraum10.de\/fr\/wp-json\/wp\/v2\/comments?post=1719"}],"version-history":[{"count":8,"href":"https:\/\/zeitraum10.de\/fr\/wp-json\/wp\/v2\/pages\/1719\/revisions"}],"predecessor-version":[{"id":2698,"href":"https:\/\/zeitraum10.de\/fr\/wp-json\/wp\/v2\/pages\/1719\/revisions\/2698"}],"wp:featuredmedia":[{"embeddable":true,"href":"https:\/\/zeitraum10.de\/fr\/wp-json\/wp\/v2\/media\/2135"}],"wp:attachment":[{"href":"https:\/\/zeitraum10.de\/fr\/wp-json\/wp\/v2\/media?parent=1719"}],"curies":[{"name":"wp","href":"https:\/\/api.w.org\/{rel}","templated":true}]}}