{"id":1791,"date":"2021-12-20T07:22:49","date_gmt":"2021-12-20T06:22:49","guid":{"rendered":"https:\/\/zeitraum10.andreherdling.de\/lage\/"},"modified":"2024-11-06T22:21:21","modified_gmt":"2024-11-06T21:21:21","slug":"lage","status":"publish","type":"page","link":"https:\/\/zeitraum10.de\/fr\/lage\/","title":{"rendered":"Situation"},"content":{"rendered":"\n<h2 class=\"wp-block-heading\"><strong>Connexion<\/strong><\/h2>\n\n\n\n<p>Les appartements se trouvent \u00e0 seulement deux kilom\u00e8tres de l&rsquo;Augustusplatz, o\u00f9 se trouvent l&rsquo;op\u00e9ra et le Gewandhaus. De l\u00e0, vous \u00eates au c\u0153ur du centre historique de la ville, avec de nombreux sites touristiques, des \u00e9v\u00e9nements culturels et une gamme vari\u00e9e de restaurants.<\/p>\n\n\n\n<p>La place Augustusplatz avec l&rsquo;op\u00e9ra et le Gewandhaus n&rsquo;est qu&rsquo;\u00e0 deux kilom\u00e8tres. C&rsquo;est l\u00e0 que commence le centre historique de la ville avec ses sites touristiques et son offre culturelle et gastronomique vari\u00e9e.<\/p>\n\n\n\n<p>Les centres importants tels que la foire de Leipzig, la Media-City de Leipzig, le Congress Center Leipzig, l&rsquo;universit\u00e9, la gare et l&rsquo;a\u00e9roport sont facilement et rapidement accessibles par les transports en commun. L&rsquo;arr\u00eat de tram le plus proche se trouve \u00e0 environ 100 m\u00e8tres de la maison. Des places de parking dans la cour ferm\u00e9e sont disponibles et peuvent \u00eatre lou\u00e9es.<\/p>\n\n\n\n<p>Distance jusqu&rsquo;au parc des expositions : env. 8km En tram jusqu&rsquo;au parc des expositions : env. 25 minutes (attention : GoogleMaps indique parfois une mauvaise connexion !) En voiture jusqu&rsquo;au parc des expositions : env. 15 minutes<\/p>\n\n\n\n<h2 class=\"wp-block-heading\"><strong>Quartier<\/strong><\/h2>\n\n\n\n<p>Les appartements ZeitRaum10 sont situ\u00e9s \u00e0 la p\u00e9riph\u00e9rie de Reudnitz, dans le quartier anim\u00e9 d&rsquo;Anger-Crottendorf.<\/p>\n\n\n\n<p>L&rsquo;est de la ville, encore \u00ab inexplor\u00e9 \u00bb il n&rsquo;y a pas si longtemps, est devenu un aimant pour les \u00e9tudiants, divers projets d&rsquo;habitat et d&rsquo;art et de plus en plus de petits caf\u00e9s sympathiques envahissent les coins. Non loin de l\u00e0, sur le terrain de l&rsquo;ancienne gare d&rsquo;Eilenburg, se trouve le parc Lene-Voigt ; on s&rsquo;y retrouve par beau temps pour faire un barbecue ou jouer au volley-ball. Le parc St\u00fcnzer, enchanteur et un peu plus isol\u00e9, est accessible \u00e0 pied \u00e0 travers un ancien lotissement de jardins ouvriers et invite \u00e0 la promenade avec ses vieilles all\u00e9es d&rsquo;arbres.<\/p>\n\n\n\n<p>Dans les environs imm\u00e9diats des appartements, vous trouverez un supermarch\u00e9 tr\u00e8s bien achaland\u00e9, plusieurs boulangeries, une pharmacie, un magasin d&rsquo;aliments biologiques, une brasserie, de nombreux snack-bars et divers restaurants. Apr\u00e8s la r\u00e9servation, vous recevrez notre guide personnel avec de nombreux conseils sur Leipzig et ses environs.<\/p>\n\n\n\n<p>Apr\u00e8s la r\u00e9servation, nous vous ferons parvenir notre guide personnel avec de nombreux conseils sur Leipzig et ses environs.<\/p>\n\n\n\n<figure class=\"wp-block-image size-large\"><img loading=\"lazy\" decoding=\"async\" width=\"949\" height=\"1024\" src=\"https:\/\/zeitraum10.de\/wp-content\/uploads\/2024\/10\/kleiner-und-quadratischer-949x1024.jpg\" alt=\"\" class=\"wp-image-2110\" srcset=\"https:\/\/zeitraum10.de\/wp-content\/uploads\/2024\/10\/kleiner-und-quadratischer-949x1024.jpg 949w, https:\/\/zeitraum10.de\/wp-content\/uploads\/2024\/10\/kleiner-und-quadratischer-593x640.jpg 593w, https:\/\/zeitraum10.de\/wp-content\/uploads\/2024\/10\/kleiner-und-quadratischer-768x829.jpg 768w, https:\/\/zeitraum10.de\/wp-content\/uploads\/2024\/10\/kleiner-und-quadratischer.jpg 1417w\" sizes=\"auto, (max-width: 949px) 100vw, 949px\" \/><\/figure>\n","protected":false},"excerpt":{"rendered":"<p>Connexion Les appartements se trouvent \u00e0 seulement deux kilom\u00e8tres de &hellip; <\/p>\n","protected":false},"author":1,"featured_media":2097,"parent":0,"menu_order":0,"comment_status":"closed","ping_status":"closed","template":"","meta":{"footnotes":""},"class_list":["post-1791","page","type-page","status-publish","has-post-thumbnail","hentry","latest_post"],"aioseo_notices":[],"wps_subtitle":"L'est de Leipzig red\u00e9couvert","_links":{"self":[{"href":"https:\/\/zeitraum10.de\/fr\/wp-json\/wp\/v2\/pages\/1791","targetHints":{"allow":["GET"]}}],"collection":[{"href":"https:\/\/zeitraum10.de\/fr\/wp-json\/wp\/v2\/pages"}],"about":[{"href":"https:\/\/zeitraum10.de\/fr\/wp-json\/wp\/v2\/types\/page"}],"author":[{"embeddable":true,"href":"https:\/\/zeitraum10.de\/fr\/wp-json\/wp\/v2\/users\/1"}],"replies":[{"embeddable":true,"href":"https:\/\/zeitraum10.de\/fr\/wp-json\/wp\/v2\/comments?post=1791"}],"version-history":[{"count":19,"href":"https:\/\/zeitraum10.de\/fr\/wp-json\/wp\/v2\/pages\/1791\/revisions"}],"predecessor-version":[{"id":2708,"href":"https:\/\/zeitraum10.de\/fr\/wp-json\/wp\/v2\/pages\/1791\/revisions\/2708"}],"wp:featuredmedia":[{"embeddable":true,"href":"https:\/\/zeitraum10.de\/fr\/wp-json\/wp\/v2\/media\/2097"}],"wp:attachment":[{"href":"https:\/\/zeitraum10.de\/fr\/wp-json\/wp\/v2\/media?parent=1791"}],"curies":[{"name":"wp","href":"https:\/\/api.w.org\/{rel}","templated":true}]}}