{"id":1717,"date":"2024-08-29T11:23:46","date_gmt":"2024-08-29T09:23:46","guid":{"rendered":"https:\/\/zeitraum10.andreherdling.de\/anreise\/"},"modified":"2024-11-05T11:03:12","modified_gmt":"2024-11-05T10:03:12","slug":"anreise","status":"publish","type":"page","link":"https:\/\/zeitraum10.de\/nl\/anreise\/","title":{"rendered":"Bereikbaarheid"},"content":{"rendered":"\n<h2 class=\"wp-block-heading\"><strong>Mit dem Auto<\/strong><\/h2>\n\n<ul class=\"wp-block-list\">\n<li>Reservieren Sie sich gern einen Parkplatz auf unserem geschlossenen Innenhof (7,50\u20ac\/Nacht).<\/li>\n\n\n\n<li>Direkt auf der Wurzner Stra\u00dfe kann man nicht parken.<\/li>\n\n\n\n<li>Kostenfreies Parken ist m\u00f6glich in der Lilienstra\u00dfe gegen\u00fcber, in der Bernhardstra\u00dfe oder der Wiebelstra\u00dfe um die Ecke.<\/li>\n<\/ul>\n\n<h2 class=\"wp-block-heading\"><strong>Mit der Stra\u00dfenbahn vom Hauptbahnhof<\/strong><\/h2>\n\n<ul class=\"wp-block-list\">\n<li>Tramlijn 4: Neem tramlijn 4 richting St\u00f6tteritz. Stap na 4 haltes uit bij \u201cKoehler Stra\u00dfe.\u201d Loop in de rijrichting. De tweede straat links is de Wurzner Stra\u00dfe. De ZeitRaum10 appartementen bevinden zich 100 meter verder aan de rechterkant.\nTramlijn 7: Neem tramlijn 7 richting Sommerfeld. Stap na 5 haltes uit bij \u201cWiebelstra\u00dfe.\u201d Je bevindt je nu al in de Wurzner Stra\u00dfe. Loop tegen de rijrichting in. De ZeitRaum10 flats liggen 100 meter verder aan de linkerkant.\n<\/li>\n\n\n\n<li>Tramlijn 4: Neem tramlijn 4 richting St\u00f6tteritz. Stap na 4 haltes uit bij \u201cKoehler Stra\u00dfe.\u201d Loop in de rijrichting. De tweede straat links is de Wurzner Stra\u00dfe. De ZeitRaum10 appartementen bevinden zich 100 meter verder aan de rechterkant.\nTramlijn 7: Neem tramlijn 7 richting Sommerfeld. Stap na 5 haltes uit bij \u201cWiebelstra\u00dfe.\u201d Je bevindt je nu al in de Wurzner Stra\u00dfe. Loop tegen de rijrichting in. De ZeitRaum10 flats liggen 100 meter verder aan de linkerkant.\n<\/li>\n<\/ul>\n\n<h2 class=\"wp-block-heading\"><strong>Mit der Stra\u00dfenbahn vom Flughafen<\/strong><\/h2>\n\n<ul class=\"wp-block-list\">\n<li>Nehmen Sie die Stra\u00dfenbahn oder einen Zug zum Hauptbahnhof, 2 Stationen. Dann weiter wie oben\u00a0genannt.<\/li>\n<\/ul>\n\n<figure class=\"wp-block-image size-large\"><img loading=\"lazy\" decoding=\"async\" width=\"1024\" height=\"683\" src=\"https:\/\/zeitraum10.de\/wp-content\/uploads\/2024\/10\/Eingangsbereich-1024x683.jpg\" alt=\"\" class=\"wp-image-2128\" srcset=\"https:\/\/zeitraum10.de\/wp-content\/uploads\/2024\/10\/Eingangsbereich-1024x683.jpg 1024w, https:\/\/zeitraum10.de\/wp-content\/uploads\/2024\/10\/Eingangsbereich-640x427.jpg 640w, https:\/\/zeitraum10.de\/wp-content\/uploads\/2024\/10\/Eingangsbereich-768x512.jpg 768w, https:\/\/zeitraum10.de\/wp-content\/uploads\/2024\/10\/Eingangsbereich.jpg 1440w\" sizes=\"auto, (max-width: 1024px) 100vw, 1024px\" \/><\/figure>\n","protected":false},"excerpt":{"rendered":"<p>Mit dem Auto Mit der Stra\u00dfenbahn vom Hauptbahnhof Mit der &hellip; <\/p>\n","protected":false},"author":1,"featured_media":2133,"parent":0,"menu_order":0,"comment_status":"closed","ping_status":"closed","template":"","meta":{"footnotes":""},"class_list":["post-1717","page","type-page","status-publish","has-post-thumbnail","hentry","latest_post"],"aioseo_notices":[],"wps_subtitle":"","_links":{"self":[{"href":"https:\/\/zeitraum10.de\/nl\/wp-json\/wp\/v2\/pages\/1717","targetHints":{"allow":["GET"]}}],"collection":[{"href":"https:\/\/zeitraum10.de\/nl\/wp-json\/wp\/v2\/pages"}],"about":[{"href":"https:\/\/zeitraum10.de\/nl\/wp-json\/wp\/v2\/types\/page"}],"author":[{"embeddable":true,"href":"https:\/\/zeitraum10.de\/nl\/wp-json\/wp\/v2\/users\/1"}],"replies":[{"embeddable":true,"href":"https:\/\/zeitraum10.de\/nl\/wp-json\/wp\/v2\/comments?post=1717"}],"version-history":[{"count":5,"href":"https:\/\/zeitraum10.de\/nl\/wp-json\/wp\/v2\/pages\/1717\/revisions"}],"predecessor-version":[{"id":2289,"href":"https:\/\/zeitraum10.de\/nl\/wp-json\/wp\/v2\/pages\/1717\/revisions\/2289"}],"wp:featuredmedia":[{"embeddable":true,"href":"https:\/\/zeitraum10.de\/nl\/wp-json\/wp\/v2\/media\/2133"}],"wp:attachment":[{"href":"https:\/\/zeitraum10.de\/nl\/wp-json\/wp\/v2\/media?parent=1717"}],"curies":[{"name":"wp","href":"https:\/\/api.w.org\/{rel}","templated":true}]}}