{"id":1789,"date":"2021-12-20T07:22:49","date_gmt":"2021-12-20T06:22:49","guid":{"rendered":"https:\/\/zeitraum10.andreherdling.de\/lage\/"},"modified":"2024-11-06T22:20:18","modified_gmt":"2024-11-06T21:20:18","slug":"lage","status":"publish","type":"page","link":"https:\/\/zeitraum10.de\/nl\/lage\/","title":{"rendered":"Locatie"},"content":{"rendered":"\n<h2 class=\"wp-block-heading\"><strong>Anbindung<\/strong><\/h2>\n\n<p>De ZeitRaum Appartementen zijn ideaal gelegen voor toeristen, beursbezoekers, congresgangers, zakenreizigers en cultuurliefhebbers. De appartementen zijn slechts twee kilometer verwijderd van de Augustusplatz, met de opera en het Gewandhaus. Vanaf daar bevind je je in het hart van het historische stadscentrum met talloze bezienswaardigheden, culturele evenementen en een divers aanbod aan restaurants.<\/p>\n\n<p>Bis zum Augustusplatz mit Oper und Gewandhaus sind es nur zwei Kilometer. Dort beginnt auch der historische Stadtkern mit seinen Sehensw\u00fcrdigkeiten sowie seinem vielf\u00e4ltigen Kultur- und Gastronomieangebot.<\/p>\n\n<p>Wichtige Zentren wie die Leipziger Messe, Leipziger Media-City, das Congress Center Leipzig, die Universit\u00e4t, der Bahnhof und der Flughafen sind m\u00fchelos und schnell mit \u00f6ffentlichen Verkehrsmitteln zu erreichen. Die n\u00e4chste Tram-Haltestelle befindet sich ca. 100m vom Haus entfernt. Parkpl\u00e4tze im abgeschlossenen Hof sind vorhanden und k\u00f6nnen gemietet werden.<\/p>\n\n<p>Entfernung zum Messegel\u00e4nde: ca. 8km\nMit der Tram zu Messe: ca. 25 Minuten (Achtung: GoogleMaps gibt manchmal falsche Verbindung an!)\nMit dem Auto zur Messe: ca. 15 Minuten<\/p>\n\n<h2 class=\"wp-block-heading\"><strong>Quartier<\/strong><\/h2>\n\n<p>De ZeitRaum10 Appartementen zijn gelegen aan de rand van Reudnitz, in de levendige wijk Anger-Crottendorf. <\/p>\n\n<p>Der vor nicht allzu langer Zeit noch \u201eunentdeckte\u201c Osten der Stadt ist inzwischen Magnet f\u00fcr Studenten, diverse Haus- und Kunstprojekte und immer mehr kleine, nette Caf\u00e9s erobern die Ecken. Nicht weit entfernt befindet sich auf dem Gel\u00e4nde des ehemaligen Eilenburger Bahnhofs der Lene-Voigt-Park; hier trifft man sich bei sch\u00f6nem Wetter zum Grillen oder Volleyballspielen. Der verwunschene, etwas abgelegenere St\u00fcnzerpark ist fu\u00dfl\u00e4ufig durch eine alte Schrebergartensiedlung zu erreichen und l\u00e4dt mit alten Baumalleen zum Spazieren ein.<\/p>\n\n<p>In de directe omgeving vind je een goed gesorteerde supermarkt, diverse bakkers, een apotheek, een natuurwinkel, snackbars, restaurants en zelfs een biertuin. Na je boeking ontvang je een persoonlijke gids met insider-tips over Leipzig en de omgeving.\n<\/p>\n\n<p>Nach der Buchung erhalten Sie von uns unseren pers\u00f6nlich f\u00fcr Sie zusammengestellten Leitfaden mit zahlreichen Tipps zu Leipzig und der Umgebung. <\/p>\n\n<figure class=\"wp-block-image size-large\"><img loading=\"lazy\" decoding=\"async\" width=\"949\" height=\"1024\" src=\"https:\/\/zeitraum10.de\/wp-content\/uploads\/2024\/10\/kleiner-und-quadratischer-949x1024.jpg\" alt=\"\" class=\"wp-image-2110\" srcset=\"https:\/\/zeitraum10.de\/wp-content\/uploads\/2024\/10\/kleiner-und-quadratischer-949x1024.jpg 949w, https:\/\/zeitraum10.de\/wp-content\/uploads\/2024\/10\/kleiner-und-quadratischer-593x640.jpg 593w, https:\/\/zeitraum10.de\/wp-content\/uploads\/2024\/10\/kleiner-und-quadratischer-768x829.jpg 768w, https:\/\/zeitraum10.de\/wp-content\/uploads\/2024\/10\/kleiner-und-quadratischer.jpg 1417w\" sizes=\"auto, (max-width: 949px) 100vw, 949px\" \/><\/figure>\n","protected":false},"excerpt":{"rendered":"<p>Anbindung De ZeitRaum Appartementen zijn ideaal gelegen voor toeristen, beursbezoekers, &hellip; <\/p>\n","protected":false},"author":1,"featured_media":2095,"parent":0,"menu_order":0,"comment_status":"closed","ping_status":"closed","template":"","meta":{"footnotes":""},"class_list":["post-1789","page","type-page","status-publish","has-post-thumbnail","hentry","latest_post"],"aioseo_notices":[],"wps_subtitle":"Het oosten van Leipzig herontdekt","_links":{"self":[{"href":"https:\/\/zeitraum10.de\/nl\/wp-json\/wp\/v2\/pages\/1789","targetHints":{"allow":["GET"]}}],"collection":[{"href":"https:\/\/zeitraum10.de\/nl\/wp-json\/wp\/v2\/pages"}],"about":[{"href":"https:\/\/zeitraum10.de\/nl\/wp-json\/wp\/v2\/types\/page"}],"author":[{"embeddable":true,"href":"https:\/\/zeitraum10.de\/nl\/wp-json\/wp\/v2\/users\/1"}],"replies":[{"embeddable":true,"href":"https:\/\/zeitraum10.de\/nl\/wp-json\/wp\/v2\/comments?post=1789"}],"version-history":[{"count":11,"href":"https:\/\/zeitraum10.de\/nl\/wp-json\/wp\/v2\/pages\/1789\/revisions"}],"predecessor-version":[{"id":2707,"href":"https:\/\/zeitraum10.de\/nl\/wp-json\/wp\/v2\/pages\/1789\/revisions\/2707"}],"wp:featuredmedia":[{"embeddable":true,"href":"https:\/\/zeitraum10.de\/nl\/wp-json\/wp\/v2\/media\/2095"}],"wp:attachment":[{"href":"https:\/\/zeitraum10.de\/nl\/wp-json\/wp\/v2\/media?parent=1789"}],"curies":[{"name":"wp","href":"https:\/\/api.w.org\/{rel}","templated":true}]}}